{"id":11,"date":"2021-05-28T10:37:44","date_gmt":"2021-05-28T10:37:44","guid":{"rendered":"http:\/\/sklep.jakogarnacangielski.pl\/?page_id=11"},"modified":"2025-02-23T18:59:00","modified_gmt":"2025-02-23T18:59:00","slug":"home","status":"publish","type":"page","link":"https:\/\/sklep.jakogarnacangielski.pl\/","title":{"rendered":"Home"},"content":{"rendered":"<p>[et_pb_section fb_built=&#8221;1&#8243; next_background_color=&#8221;#ffffff&#8221; _builder_version=&#8221;4.19.4&#8243; _module_preset=&#8221;default&#8221; background_image=&#8221;https:\/\/sklep.jakogarnacangielski.pl\/wp-content\/uploads\/2023\/01\/LG_Gouache_-_Large-scaled.jpg&#8221; background_position=&#8221;top_center&#8221; custom_padding=&#8221;34px||34px||true|&#8221; bottom_divider_style=&#8221;wave2&#8243; global_colors_info=&#8221;{}&#8221;][et_pb_row _builder_version=&#8221;4.19.4&#8243; _module_preset=&#8221;default&#8221; custom_padding=&#8221;51px||44px|||&#8221; global_colors_info=&#8221;{}&#8221;][et_pb_column type=&#8221;4_4&#8243; _builder_version=&#8221;4.16&#8243; _module_preset=&#8221;default&#8221; global_colors_info=&#8221;{}&#8221;][et_pb_text disabled_on=&#8221;off|off|off&#8221; _builder_version=&#8221;4.21.0&#8243; _module_preset=&#8221;default&#8221; text_font=&#8221;Abril Fatface|800|||||||&#8221; text_text_color=&#8221;#9E7557&#8243; text_font_size=&#8221;39px&#8221; text_line_height=&#8221;1.8em&#8221; text_orientation=&#8221;center&#8221; min_height=&#8221;77px&#8221; custom_margin=&#8221;3px|||||&#8221; global_colors_info=&#8221;{}&#8221;]<\/p>\n<p>Realizuj swoje cele<\/p>\n<p>[\/et_pb_text][ba_animated_text animated_text=&#8221;%91{%22value%22:%22bez bariery i blokady j\u0119zykowej%22,%22checked%22:0,%22dragID%22:-1}%93&#8243; animation_type=&#8221;tilt&#8221; tilt_in=&#8221;flash&#8221; tilt_out=&#8221;flash&#8221; text_alignment=&#8221;center&#8221; _builder_version=&#8221;4.27.4&#8243; _module_preset=&#8221;default&#8221; animated_font=&#8221;Nunito||||||||&#8221; animated_text_color=&#8221;#9e7557&#8243; animated_font_size=&#8221;29px&#8221; hover_enabled=&#8221;0&#8243; global_colors_info=&#8221;{}&#8221; sticky_enabled=&#8221;0&#8243;][\/ba_animated_text][\/et_pb_column][\/et_pb_row][\/et_pb_section][et_pb_section fb_built=&#8221;1&#8243; _builder_version=&#8221;4.19.4&#8243; _module_preset=&#8221;default&#8221; custom_padding=&#8221;4px|||||&#8221; global_colors_info=&#8221;{}&#8221;][et_pb_row column_structure=&#8221;1_2,1_2&#8243; _builder_version=&#8221;4.19.4&#8243; _module_preset=&#8221;default&#8221; global_colors_info=&#8221;{}&#8221;][et_pb_column type=&#8221;1_2&#8243; _builder_version=&#8221;4.19.4&#8243; _module_preset=&#8221;default&#8221; global_colors_info=&#8221;{}&#8221;][et_pb_image src=&#8221;https:\/\/sklep.jakogarnacangielski.pl\/wp-content\/uploads\/2023\/07\/selection-planner.png&#8221; title_text=&#8221;selection planner&#8221; _builder_version=&#8221;4.21.0&#8243; _module_preset=&#8221;default&#8221; global_colors_info=&#8221;{}&#8221;][\/et_pb_image][\/et_pb_column][et_pb_column type=&#8221;1_2&#8243; _builder_version=&#8221;4.19.4&#8243; _module_preset=&#8221;default&#8221; global_colors_info=&#8221;{}&#8221;][et_pb_text _builder_version=&#8221;4.22.1&#8243; _module_preset=&#8221;default&#8221; text_font=&#8221;Abril Fatface||||||||&#8221; text_text_color=&#8221;#000000&#8243; text_font_size=&#8221;43px&#8221; text_line_height=&#8221;1.8em&#8221; text_orientation=&#8221;center&#8221; text_font_size_tablet=&#8221;43px&#8221; text_font_size_phone=&#8221;33px&#8221; text_font_size_last_edited=&#8221;on|desktop&#8221; global_colors_info=&#8221;{}&#8221;]<\/p>\n<p>English Learning Planner<\/p>\n<p>[\/et_pb_text][et_pb_text _builder_version=&#8221;4.21.0&#8243; _module_preset=&#8221;default&#8221; text_font=&#8221;Nunito||||||||&#8221; text_text_color=&#8221;#000000&#8243; text_font_size=&#8221;24px&#8221; text_orientation=&#8221;center&#8221; global_colors_info=&#8221;{}&#8221;]<\/p>\n<p>Cyfrowy, interaktywny planer do nauki<\/p>\n<p>[\/et_pb_text][et_pb_text _builder_version=&#8221;4.21.0&#8243; _module_preset=&#8221;default&#8221; text_font=&#8221;Nunito||||||||&#8221; text_font_size=&#8221;18px&#8221; text_line_height=&#8221;1.8em&#8221; global_colors_info=&#8221;{}&#8221;]<\/p>\n<p><span>&#8211; Je\u015bli masz <\/span><strong>poczucie chaosu w nauce<\/strong><span>,<\/span><\/p>\n<p><span><\/span><strong>&#8211; ci\u0119\u017cko Ci zobaczy\u0107 sw\u00f3j post\u0119p, <\/strong><\/p>\n<p><strong>&#8211; nie masz systemu,<\/strong><span> \u017ceby zobaczy\u0107 z czego, jak i kiedy si\u0119 uczy\u0142a\u015b\/uczy\u0142e\u015b,<\/span><\/p>\n<p><span><\/span><strong>&#8211; brakuje Ci konsekwencji<\/strong><span> &#8211; bardzo polecam Ci planowanie nauki z English Learning Planner.<\/span><\/p>\n<p>[\/et_pb_text][et_pb_button button_url=&#8221;https:\/\/sklep.jakogarnacangielski.pl\/index.php\/produkt\/english-leaning-planner\/&#8221; url_new_window=&#8221;on&#8221; button_text=&#8221;Dowiedz si\u0119 wi\u0119cej&#8221; button_alignment=&#8221;center&#8221; _builder_version=&#8221;4.21.0&#8243; _module_preset=&#8221;default&#8221; custom_button=&#8221;on&#8221; button_text_size=&#8221;27px&#8221; button_text_color=&#8221;#FFFFFF&#8221; button_bg_color=&#8221;#9E7557&#8243; button_border_width=&#8221;1px&#8221; button_border_color=&#8221;#8e694d&#8221; button_icon=&#8221;&#x41;||divi||400&#8243; background_layout=&#8221;dark&#8221; box_shadow_style=&#8221;preset1&#8243; box_shadow_vertical=&#8221;6px&#8221; box_shadow_blur=&#8221;7px&#8221; global_colors_info=&#8221;{}&#8221;][\/et_pb_button][\/et_pb_column][\/et_pb_row][et_pb_row column_structure=&#8221;1_2,1_2&#8243; _builder_version=&#8221;4.19.4&#8243; _module_preset=&#8221;default&#8221; global_colors_info=&#8221;{}&#8221;][et_pb_column type=&#8221;1_2&#8243; _builder_version=&#8221;4.19.4&#8243; _module_preset=&#8221;default&#8221; global_colors_info=&#8221;{}&#8221;][et_pb_text _builder_version=&#8221;4.22.1&#8243; _module_preset=&#8221;default&#8221; text_font=&#8221;Abril Fatface||||||||&#8221; text_text_color=&#8221;#000000&#8243; text_font_size=&#8221;55px&#8221; text_line_height=&#8221;1.8em&#8221; text_font_size_tablet=&#8221;55px&#8221; text_font_size_phone=&#8221;40px&#8221; text_font_size_last_edited=&#8221;on|phone&#8221; global_colors_info=&#8221;{}&#8221;]<\/p>\n<p style=\"text-align: center;\">M\u00f3w swobodnie<\/p>\n<p>[\/et_pb_text][et_pb_text _builder_version=&#8221;4.22.1&#8243; _module_preset=&#8221;default&#8221; text_font=&#8221;Nunito||||||||&#8221; text_text_color=&#8221;#000000&#8243; text_font_size=&#8221;24px&#8221; text_line_height=&#8221;1.8em&#8221; text_orientation=&#8221;center&#8221; global_colors_info=&#8221;{}&#8221;]<\/p>\n<p>6 krok\u00f3w do p\u0142ynno\u015bci j\u0119zykowej<\/p>\n<p>[\/et_pb_text][et_pb_text _builder_version=&#8221;4.19.4&#8243; _module_preset=&#8221;default&#8221; text_font=&#8221;Nunito||||||||&#8221; text_font_size=&#8221;18px&#8221; text_line_height=&#8221;1.8em&#8221; global_colors_info=&#8221;{}&#8221;]<\/p>\n<p>To ebook dla Ciebie, je\u015bli:<\/p>\n<p>&#8211; Chcesz zacz\u0105\u0107 <strong>m\u00f3wi\u0107 p\u0142ynnie<\/strong> po angielsku, ale nie wiesz jak si\u0119 do tego zabra\u0107.<\/p>\n<p>&#8211; Masz w sobie strach przed m\u00f3wieniem i <strong>chcesz prze\u0142ama\u0107 blokad\u0119 j\u0119zykow\u0105<\/strong>.<\/p>\n<p>&#8211; Chcesz pozna\u0107 <span data-token-index=\"0\" class=\"notion-enable-hover\" data-reactroot=\"\"><strong>konkretne kroki i sprawdzone narz\u0119dzia<\/strong>, dzi\u0119ki kt\u00f3rym zaczniesz m\u00f3wi\u0107 p\u0142ynnie, z odwag\u0105 i bez bariery<\/span><\/p>\n<p>[\/et_pb_text][et_pb_button button_url=&#8221;https:\/\/sklep.jakogarnacangielski.pl\/index.php\/produkt\/mow-swobodnie-6-krokow-do-plynnosci-jezykowej\/&#8221; url_new_window=&#8221;on&#8221; button_text=&#8221;Dowiedz si\u0119 wi\u0119cej&#8221; button_alignment=&#8221;center&#8221; _builder_version=&#8221;4.19.4&#8243; _module_preset=&#8221;default&#8221; custom_button=&#8221;on&#8221; button_text_size=&#8221;27px&#8221; button_text_color=&#8221;#FFFFFF&#8221; button_bg_color=&#8221;#9E7557&#8243; button_border_width=&#8221;1px&#8221; button_border_color=&#8221;#8e694d&#8221; button_icon=&#8221;&#x41;||divi||400&#8243; background_layout=&#8221;dark&#8221; box_shadow_style=&#8221;preset1&#8243; box_shadow_vertical=&#8221;6px&#8221; box_shadow_blur=&#8221;7px&#8221; global_colors_info=&#8221;{}&#8221;][\/et_pb_button][\/et_pb_column][et_pb_column type=&#8221;1_2&#8243; _builder_version=&#8221;4.19.4&#8243; _module_preset=&#8221;default&#8221; global_colors_info=&#8221;{}&#8221;][et_pb_image src=&#8221;https:\/\/sklep.jakogarnacangielski.pl\/wp-content\/uploads\/2023\/01\/Ebook-mockup-okladka.png&#8221; title_text=&#8221;Ebook mockup ok\u0142adka&#8221; _builder_version=&#8221;4.21.0&#8243; _module_preset=&#8221;default&#8221; global_colors_info=&#8221;{}&#8221;][\/et_pb_image][\/et_pb_column][\/et_pb_row][\/et_pb_section][et_pb_section fb_built=&#8221;1&#8243; _builder_version=&#8221;4.16&#8243; _module_preset=&#8221;default&#8221; min_height=&#8221;518.4px&#8221; custom_margin=&#8221;17px|||||&#8221; custom_padding=&#8221;10px||1px|||&#8221; global_colors_info=&#8221;{}&#8221;][et_pb_row module_id=&#8221;nowe&#8221; _builder_version=&#8221;4.16&#8243; _module_preset=&#8221;default&#8221; custom_padding=&#8221;11px|||||&#8221; global_colors_info=&#8221;{}&#8221;][et_pb_column type=&#8221;4_4&#8243; _builder_version=&#8221;4.16&#8243; _module_preset=&#8221;default&#8221; global_colors_info=&#8221;{}&#8221;][et_pb_text module_id=&#8221;mow&#8221; _builder_version=&#8221;4.21.0&#8243; _module_preset=&#8221;default&#8221; text_font=&#8221;Abril Fatface||||||||&#8221; text_text_color=&#8221;#9E7557&#8243; text_font_size=&#8221;63px&#8221; text_line_height=&#8221;1.8em&#8221; text_orientation=&#8221;center&#8221; global_colors_info=&#8221;{}&#8221;]<\/p>\n<p>Sprawd\u017a produkty<\/p>\n<p>[\/et_pb_text][\/et_pb_column][\/et_pb_row][et_pb_row _builder_version=&#8221;4.16&#8243; _module_preset=&#8221;default&#8221; custom_padding=&#8221;||3px|||&#8221; global_colors_info=&#8221;{}&#8221;][et_pb_column type=&#8221;4_4&#8243; _builder_version=&#8221;4.16&#8243; _module_preset=&#8221;default&#8221; global_colors_info=&#8221;{}&#8221;][et_pb_shop type=&#8221;latest&#8221; posts_number=&#8221;8&#8243; sale_badge_color=&#8221;#B38E73&#8243; icon_hover_color=&#8221;#B38E73&#8243; hover_overlay_color=&#8221;rgba(255,255,255,0.54)&#8221; hover_icon=&#8221;&#x3d;||divi||400&#8243; _builder_version=&#8221;4.16&#8243; _module_preset=&#8221;default&#8221; title_font=&#8221;Roboto||||||||&#8221; title_font_size=&#8221;15px&#8221; price_font=&#8221;Roboto||||||||&#8221; sale_badge_font=&#8221;Roboto|300|||||||&#8221; global_colors_info=&#8221;{}&#8221;][\/et_pb_shop][\/et_pb_column][\/et_pb_row][\/et_pb_section]<\/p>\n","protected":false},"excerpt":{"rendered":"<p>Realizuj swoje cele<div class=\"et_pb_module ba_animated_text ba_animated_text_0\">\n\t\t\t\t\n\t\t\t\t\n\t\t\t\t\n\t\t\t\t\n\t\t\t\t\n\t\t\t\t\n\t\t\t\t<div class=\"et_pb_module_inner\">\n\t\t\t\t\t<div id=\"dtq-animated-text-0\" class=\"dtq-module dtq-animated-text dtq-front\" data-settings=\"{&quot;loop&quot;:true,&quot;in&quot;:{&quot;effect&quot;:&quot;flash&quot;,&quot;delayScale&quot;:1.5,&quot;delay&quot;:50,&quot;sync&quot;:false,&quot;reverse&quot;:false,&quot;shuffle&quot;:false},&quot;out&quot;:{&quot;effect&quot;:&quot;flash&quot;,&quot;delayScale&quot;:1.5,&quot;delay&quot;:50,&quot;sync&quot;:false,&quot;reverse&quot;:false,&quot;shuffle&quot;:false}}\" data-type=\"tilt\">\n\t\t\t\t<h3 class=\"dtq-animated-text-head\">\n\t\t\t\t\t <div class=\"dtq-animated-text-tilt\">\n\t\t\t\t\t<ul class=\"texts dtq-animated-text-main\"><li>bez bariery i blokady j\u0119zykowej<\/li><\/ul>\n\t\t\t\t<\/div> \n\t\t\t\t<\/h3>\n\t\t\t<\/div>\n\t\t\t\t<\/div>\n\t\t\t<\/div>English Learning PlannerCyfrowy, interaktywny planer do nauki- Je\u015bli masz poczucie chaosu w nauce, &#8211; ci\u0119\u017cko Ci zobaczy\u0107 sw\u00f3j post\u0119p, &#8211; nie masz systemu, \u017ceby zobaczy\u0107 z czego, jak i kiedy si\u0119 uczy\u0142a\u015b\/uczy\u0142e\u015b, &#8211; brakuje Ci konsekwencji [&hellip;]<\/p>\n","protected":false},"author":26,"featured_media":0,"parent":0,"menu_order":0,"comment_status":"closed","ping_status":"closed","template":"","meta":{"_et_pb_use_builder":"on","_et_pb_old_content":"","_et_gb_content_width":"","footnotes":""},"class_list":["post-11","page","type-page","status-publish","hentry"],"_links":{"self":[{"href":"https:\/\/sklep.jakogarnacangielski.pl\/index.php\/wp-json\/wp\/v2\/pages\/11","targetHints":{"allow":["GET"]}}],"collection":[{"href":"https:\/\/sklep.jakogarnacangielski.pl\/index.php\/wp-json\/wp\/v2\/pages"}],"about":[{"href":"https:\/\/sklep.jakogarnacangielski.pl\/index.php\/wp-json\/wp\/v2\/types\/page"}],"author":[{"embeddable":true,"href":"https:\/\/sklep.jakogarnacangielski.pl\/index.php\/wp-json\/wp\/v2\/users\/26"}],"replies":[{"embeddable":true,"href":"https:\/\/sklep.jakogarnacangielski.pl\/index.php\/wp-json\/wp\/v2\/comments?post=11"}],"version-history":[{"count":51,"href":"https:\/\/sklep.jakogarnacangielski.pl\/index.php\/wp-json\/wp\/v2\/pages\/11\/revisions"}],"predecessor-version":[{"id":1543,"href":"https:\/\/sklep.jakogarnacangielski.pl\/index.php\/wp-json\/wp\/v2\/pages\/11\/revisions\/1543"}],"wp:attachment":[{"href":"https:\/\/sklep.jakogarnacangielski.pl\/index.php\/wp-json\/wp\/v2\/media?parent=11"}],"curies":[{"name":"wp","href":"https:\/\/api.w.org\/{rel}","templated":true}]}}